{"id":218,"date":"2020-01-28T06:55:07","date_gmt":"2020-01-28T06:55:07","guid":{"rendered":"https:\/\/demo.themeansar.com\/newsup\/lite\/?page_id=70"},"modified":"2024-11-03T17:09:27","modified_gmt":"2024-11-03T16:09:27","slug":"contact","status":"publish","type":"page","link":"https:\/\/capalgerie.dz\/index.php\/contact\/","title":{"rendered":"Contact"},"content":{"rendered":"<p>Capalgerie.dz est un quotidien \u00e9lectronique d\u2019information d\u00e9di\u00e9 \u00e0 l&rsquo;Afrique, au Maghreb, au d\u00e9veloppement et \u00e0 l&rsquo;agriculture. Capalgerie.dz existe depuis 2016 et est \u00e9dit\u00e9 par la Sarl M&#038;A Creative. <\/p>\n<p><strong>Adresse :<\/strong> 1, Rue Bachir Attar &#8211; Maison de la presse Tahar Djaout -Alger. <\/p>\n<p><strong>T\u00e9l\u00e9fax :<\/strong> 020 06 45 01<\/p>\n<p><strong>Email :<\/strong> capalgerie0@gmail.com \/redaction@capalgerie.dz <\/p>\n<p><strong>G\u00e9rant-Directeur de la R\u00e9daction :<\/strong> Azzedine Belferag<\/p>\n<p><strong>Directrice de la publication :<\/strong> Melissa Roumadi-Belferag<\/p>\n<p><strong>Publicit\u00e9 :<\/strong> M&#038;A Creative<br \/>\n<strong>Adresse :<\/strong> 1, Rue Bachir Attar &#8211; Maison de la presse Tahar Djaout -Alger. <\/p>\n<p><strong><br \/>\nT\u00e9l\u00e9fax :<\/strong> 020 06 45 01<\/p>\n<p><strong>Email :<\/strong> capalgerie0@gmail.com \/publicite@capalgerie.dz<br \/>\nRC N\u00b0 16\/00-0988154B11<br \/>\nAgr\u00e9ment N\u00b0 048\/DMC\/MC\/24<\/p>\n","protected":false},"excerpt":{"rendered":"<p>Capalgerie.dz est un quotidien \u00e9lectronique d\u2019information d\u00e9di\u00e9 \u00e0 l&rsquo;Afrique, au Maghreb, au d\u00e9veloppement et \u00e0 l&rsquo;agriculture. Capalgerie.dz existe depuis 2016 et est \u00e9dit\u00e9 par la <a href=\"https:\/\/capalgerie.dz\/index.php\/contact\/\" class=\"read-more-link\">Lire&#8230;<\/a><\/p>\n","protected":false},"author":2,"featured_media":0,"parent":0,"menu_order":0,"comment_status":"closed","ping_status":"closed","template":"","meta":{"_crdt_document":"","episode_type":"","audio_file":"","podmotor_file_id":"","podmotor_episode_id":"","cover_image":"","cover_image_id":"","duration":"","filesize":"","filesize_raw":"","date_recorded":"","explicit":"","block":"","itunes_episode_number":"","itunes_title":"","itunes_season_number":"","itunes_episode_type":"","footnotes":""},"class_list":["post-218","page","type-page","status-publish","hentry"],"_links":{"self":[{"href":"https:\/\/capalgerie.dz\/index.php\/wp-json\/wp\/v2\/pages\/218","targetHints":{"allow":["GET"]}}],"collection":[{"href":"https:\/\/capalgerie.dz\/index.php\/wp-json\/wp\/v2\/pages"}],"about":[{"href":"https:\/\/capalgerie.dz\/index.php\/wp-json\/wp\/v2\/types\/page"}],"author":[{"embeddable":true,"href":"https:\/\/capalgerie.dz\/index.php\/wp-json\/wp\/v2\/users\/2"}],"replies":[{"embeddable":true,"href":"https:\/\/capalgerie.dz\/index.php\/wp-json\/wp\/v2\/comments?post=218"}],"version-history":[{"count":12,"href":"https:\/\/capalgerie.dz\/index.php\/wp-json\/wp\/v2\/pages\/218\/revisions"}],"predecessor-version":[{"id":5440,"href":"https:\/\/capalgerie.dz\/index.php\/wp-json\/wp\/v2\/pages\/218\/revisions\/5440"}],"wp:attachment":[{"href":"https:\/\/capalgerie.dz\/index.php\/wp-json\/wp\/v2\/media?parent=218"}],"curies":[{"name":"wp","href":"https:\/\/api.w.org\/{rel}","templated":true}]}}